{"id":3603,"date":"2017-09-19T10:03:43","date_gmt":"2017-09-19T08:03:43","guid":{"rendered":"http:\/\/www.alexguitargarcia.com\/producto\/tarifa-wind\/"},"modified":"2024-08-03T08:57:49","modified_gmt":"2024-08-03T07:57:49","slug":"tarifa-wind","status":"publish","type":"product","link":"https:\/\/www.alexguitargarcia.com\/en\/producto\/tarifa-wind\/","title":{"rendered":"TARIFA WIND &#8211; PHYSICAL"},"content":{"rendered":"<p>La grabaci\u00f3n de este disco se realiz\u00f3 en directo durante el verano de 2015 en su casa con los medios de los que dispone: una grabadora Boss BR 800, un micro Shure SM 58 para la voz y un micro de condensador AKG C 1000 S para la guitarra. Su buen amigo y hermano en la m\u00fasica Hank Soto (Stony Creek \u2013 New York) sab\u00eda de este proyecto y le pidi\u00f3 que le mandase una copia de la grabaci\u00f3n, as\u00ed que en cuanto acabo se la envi\u00f3.<\/p>\n<p>Hank es un m\u00fasico con experiencia y le pod\u00eda dar algunas ideas de cara a la posterior producci\u00f3n, en octubre de ese mismo recibi\u00f3 varios CD\u2019s con su colaboraci\u00f3n y la de miembros de su banda Stony Creek Band, que al o\u00edr la grabaci\u00f3n que envi\u00f3, se apuntaron al proyecto, y todo surgi\u00f3 de forma espont\u00e1nea.<\/p>\n<p>Fue una gran y grata sorpresa, pues nada de esto estaba en el men\u00fa, hay algunos peque\u00f1os desajustes y se podr\u00eda haber dejado todo cuadrado con precisi\u00f3n matem\u00e1tica, pero a costa de perder esa espontaneidad pues ellos tambien grabaron en directo, asi que decid\u00edo dejarlo todo tal cual. Posteriormente, en este 2016 conoci\u00f3 al m\u00fasico y productor Lluis Cuadrench con quien hizo las mezclas durante una semana del mes de junio en su estudio La Locomotora, en Terrasa, con su mesa anal\u00f3gica Hill Audio. Lluis no se limit\u00f3 solo a su trabajo como ingeni\u00e9ro de sonido sino que le gust\u00f3 mi proyecto y se implic\u00f3 aportando ideas al mismo y todo el trabajo se hizo en un ambiente de buen feeling.<\/p>\n","protected":false},"excerpt":{"rendered":"<p>Free shipping<\/p>\n<p>By registered mail : \u20ac 3.15 the costs are borne by the buyer (and include a \u20ac 1,15 discount)<\/p>\n<p>For shipments outside Spain ask to alexguitargarcia@gmail.com<\/p>\n","protected":false},"featured_media":2408,"comment_status":"open","ping_status":"closed","template":"","meta":[],"class_list":{"0":"post-3603","1":"product","2":"type-product","3":"status-publish","4":"has-post-thumbnail","6":"product_cat-english","8":"first","9":"instock","10":"shipping-taxable","11":"purchasable","12":"product-type-simple"},"_links":{"self":[{"href":"https:\/\/www.alexguitargarcia.com\/en\/wp-json\/wp\/v2\/product\/3603"}],"collection":[{"href":"https:\/\/www.alexguitargarcia.com\/en\/wp-json\/wp\/v2\/product"}],"about":[{"href":"https:\/\/www.alexguitargarcia.com\/en\/wp-json\/wp\/v2\/types\/product"}],"replies":[{"embeddable":true,"href":"https:\/\/www.alexguitargarcia.com\/en\/wp-json\/wp\/v2\/comments?post=3603"}],"wp:featuredmedia":[{"embeddable":true,"href":"https:\/\/www.alexguitargarcia.com\/en\/wp-json\/wp\/v2\/media\/2408"}],"wp:attachment":[{"href":"https:\/\/www.alexguitargarcia.com\/en\/wp-json\/wp\/v2\/media?parent=3603"}],"curies":[{"name":"wp","href":"https:\/\/api.w.org\/{rel}","templated":true}]}}